{"id":45,"date":"2024-02-22T11:04:08","date_gmt":"2024-02-22T11:04:08","guid":{"rendered":"https:\/\/www.rydelize.be\/?page_id=45"},"modified":"2024-03-27T08:27:53","modified_gmt":"2024-03-27T08:27:53","slug":"galerie","status":"publish","type":"page","link":"https:\/\/www.rydelize.be\/?page_id=45","title":{"rendered":"Galerie"},"content":{"rendered":"\n\n\nRy\n\nDe LIZE\n\n<p style=\"text-align: center;\"><span style=\"color: rgb(238, 236, 225);\">Un man\u00e8ge familial aux portes du Condroz, avec toutes les infrastructures n\u00e9cessaires \u00e0 votre \u00e9panouissement et \u00e0 celui de votre monture<\/span><\/p>\n\n\n\n\n\n\n\n\n<h4>Qui<span style=\"color: #FEB209;\"> Sommes Nous<\/span><\/h4>\n<p style=\"text-align: center; font-size: 13px;\">Situ\u00e9 dans le cadre verdoyant de Marchin, au sud de Huy en Province de Li\u00e8ge, le Ry de Lize est l&rsquo;un des cercles \u00e9questres les plus modernes et accueillants de Wallonie. N\u00e9 d&rsquo;une passion familiale en 1980, le man\u00e8ge est devenu le lieu incontournable des amoureux de loisirs et de sports \u00e9questres.<\/p>\n<p>L&rsquo;infrastructure du Ry de Lize est moderne et en permanente \u00e9volution afin de r\u00e9pondre aux niveaux d\u2019exigences les plus \u00e9lev\u00e9s mais \u00e9galement \u00e0 nos futures ambitions.<\/p>\n\n<P>Ainsi, notre cercle \u00e9questre dispose des infrastructures suivantes:<\/p>\n<ul style=\"list-style-type:disc;\"><li>&nbsp;Deux pistes int\u00e9rieures couvertes de 40x20m et 64x21m<\/li>\n<li>&nbsp;Deux carri\u00e8res ext\u00e9rieures de 30x70m et 50x80m<\/li>\n<li>&nbsp;Des espaces couverts pouvant accueillir 500 personnes<\/li>\n<li>&nbsp;Un simulateur \u00e9questre<\/li>\n<li>&nbsp;Un espace de cross<\/li>\n<li>&nbsp;Une caf\u00e9t\u00e9ria r\u00e9nov\u00e9e de 50 places<\/li>\n<li>&nbsp;Une terrasse couverte de 200 places<\/li>\n<li>&nbsp;Des cuisines, douches, sanitaires et dortoirs<\/li>\n<li>&nbsp;Un parking<\/li>\n<li>&nbsp;Pr\u00e8s de 100 boxes<\/li>\n<\/ul>\n\n\n\n\n\n\n\n\n\n<h4>Evenements <span style=\"color: #FEB209;\">A Venir<\/span><\/h4>\n\n\n\n\n\n\n\n\n<h4>Stage de p\u00e2ques 1<\/h4>\n<p><font style=\"vertical-align: inherit;\"><font style=\"vertical-align: inherit;\"><font style=\"vertical-align: inherit;\"><font style=\"vertical-align: inherit;\">29 Avril au 3 mai 2024<\/font><\/font><\/font><\/font><\/p>\n<p>Renseignements<\/p>\n<h4>Pauline Mons\u00e9e<\/h4>\n\n\n\n\n\n\n\n\n\nStage de p\u00e2ques 2\n<p>06 Mai au 10 Mai<\/p>\n<p>Renseignements<\/p>\n<h4>Pauline Mons\u00e9e<\/h4>\n\n\n\n\n\n\n\n\n\n<font style=\"vertical-align: inherit;\"><font style=\"vertical-align: inherit;\">randonnee equisens<\/font><\/font>\n<p>04 Mai &amp; 05 Mai<\/p>\n<p>Renseignements<\/p>\n<h4>DIDI DEWEZ<\/h4>\n\n\n\n\n\n\n\n\n\nspectacles \u00e9questre 01 Avril\n<p>Ouvert \u00e0 Tous entr\u00e9e gratuite&nbsp;<\/p>\n<p><font style=\"vertical-align: inherit;\"><font style=\"vertical-align: inherit;\">Premi\u00e8re partie du spectacles :<\/font><\/font><\/p>\n<p><font style=\"vertical-align: inherit;\"><font style=\"vertical-align: inherit;\"><font style=\"vertical-align: inherit;\"><font style=\"vertical-align: inherit;\"><font style=\"vertical-align: inherit;\"><font style=\"vertical-align: inherit;\">Arriv\u00e9e des spectateurs \u00e0 10h30 Fermeture des portes \u00e0 11h jusque 12h<\/font><\/font><\/font><\/font><\/font><\/font><\/p>\n<p><font style=\"vertical-align: inherit;\"><font style=\"vertical-align: inherit;\">12h00 Ap\u00e9ro , Barbecue ( sous r\u00e9servation ) , Remise des prix du challenge&nbsp;<\/font><\/font><\/p>\n<p><font style=\"vertical-align: inherit;\"><font style=\"vertical-align: inherit;\">Seconde partie du spectacles :<\/font><\/font><\/p>\n<p><font style=\"vertical-align: inherit;\"><font style=\"vertical-align: inherit;\"><font style=\"vertical-align: inherit;\"><font style=\"vertical-align: inherit;\"><font style=\"vertical-align: inherit;\"><font style=\"vertical-align: inherit;\"><font style=\"vertical-align: inherit;\"><font style=\"vertical-align: inherit;\">Fermeture des portes 14h jusque 15h<\/font><\/font><\/font><\/font><\/font><\/font><\/font><\/font><\/p>\n<p>15h30 Remise des prix du concours spectacle.<\/p>\n<p>Renseignement :<\/p>\n<h4>DIDI DEWEZ<\/h4>\n\n\n\n\n\n\n\n\n\nremise des prix challenge hivernal\n<p><font style=\"vertical-align: inherit;\"><font style=\"vertical-align: inherit;\">01 avril 12h00<\/font><\/font><\/p>\n<p>Suivi d&rsquo;un Barbecue sur r\u00e9servation ci dessous&nbsp;<\/p>\n\n<p>Renseignements<\/p>\n<h4>DIDI DEWEZ<\/h4>\n\nliste des laureats\n<p>Gathot juliette,Truchet Emy, Pedron Fantine, Joskin Erika, P\u00e9duzy Emilie, Andr\u00e9 Eline, Paquot Aude, Sacr\u00e9 L\u00e9na , Back Sylvie, Paquot Eve, Kakoullis Elyna, Fastr\u00e9 Chlo\u00e9, Hincourt Fiona, Lizen Zo\u00e9, Vijverman Gaelle, Bocca Lilia, Baeke Anna,Mestr\u00e9 L\u00e9a,Knapen Magalie, Piccoli Ambre, Roquet Chlo\u00e9, Souffreaux Ysaline, Cominotto Jade, Cominotto Ambre, Leger Alexane, Jaminon Cyrielle, Francois Zara, Roex Laurine, Levert Coralie, Di liberto C\u00e9lia, Josquin Alexandre, Bontemps Nail\u00e9, Lambrecht Valentine, Desmons Eug\u00e9nie, Kakoullis Elyna, Dewez Val\u00e8re, Maccar Louise, Derclaye Louise, Dejasse L\u00e9na, Monfort Camille, Maccar Marie, Archambeau Mathieu, Schram Gwen, Houllez Ad\u00e8le, Alberty Nina, Noel Laura, Dochain Juliette, Noel Lynka, Chantraine Sarah, Bontemps Nail\u00e9, Wery Lise, Derclaye Louise, Borbouse Lisa, Devillers Coline, Donn\u00e9 Amaelle, Racelle H\u00e9l\u00e8ne, G\u00e9rard Camille, Vecchio Anais, Dochain Juliette, Noel Lynka, Fabry Manon, Noel Laura, Derclaye Louise, Devillers Colline, Lepage Elea, Noel Sonya, Lardot Delphine, Klippert Baptiste, Mottet St\u00e9phanie, Miguel Joyce .<\/p>\n\n\n\n\n\n\n\n\nCycles de printemps\n<p><font style=\"vertical-align: inherit;\"><font style=\"vertical-align: inherit;\"><font style=\"vertical-align: inherit;\"><font style=\"vertical-align: inherit;\">Du 01 Avril au 23 Juin<\/font><\/font><\/font><\/font><\/p>\n\n<p>Renseignements<\/p>\n<h4>DIDI DEWEZ<\/h4>\n\n<font style=\"vertical-align: inherit;\"><font style=\"vertical-align: inherit;\">Prix&nbsp;:<\/font><\/font>\n<p>Equisens 3 h :&nbsp; Proprio 300\u20ac \/&nbsp; Cheval man\u00e8ge 350\u20ac<\/p>\n<p><font style=\"vertical-align: inherit;\"><font style=\"vertical-align: inherit;\"><font style=\"vertical-align: inherit;\"><font style=\"vertical-align: inherit;\">Equisens 2h : Cheval man\u00e8ge 250\u20ac&nbsp;<\/font><\/font><\/font><\/font><\/p>\n<p>Sol et Trec : Proprio 155\u20ac \/ cheval man\u00e8ge 175\u20ac<\/p>\n<p><font style=\"vertical-align: inherit;\"><font style=\"vertical-align: inherit;\">Multidisciplines : Proprio 145\u20ac \/&nbsp; Cheval de man\u00e8ge 160\u20ac<\/font><\/font><\/p>\n<p>Mini Pouces : Cheval de man\u00e8ge 185\u20ac<\/p>\n<p>D\u00e9butants : Cheval de man\u00e8ge 175\u20ac<\/p>\n<p>Technique : Proprio 155\u20ac \/ Cheval de man\u00e8ge 175\u20ac<\/p>\n<p>Intensif :&nbsp; Proprio 170\u20ac \/ Cheval de man\u00e8ge 200\u20ac<\/p>\n<p>Perfectionnement : Proprio 200\u20ac \/ Cheval de man\u00e8ge 240\u20ac<\/p>\n\n\n\n\n\n\n\n<h4>Notre <span style=\"color: #FEB209;\">Equipe<\/span><\/h4>\n<p style=\"text-align: center; font-size: 13px;\">Le Ry de Lize c&rsquo;est avant tout une \u00e9quipe de passionn\u00e9s par les chevaux, la formation et la comp\u00e9tition.<\/p>\n\n\n\n\n\n\n\n\n\n<ul>\n<li><font style=\"vertical-align: inherit;\"><font style=\"vertical-align: inherit;\"><font style=\"vertical-align: inherit;\"><font style=\"vertical-align: inherit;\">Manu Mons\u00e9e 0474\/368377 rydelize@hotmail.com<\/font><\/font><\/font><\/font><\/li><li><font style=\"vertical-align: inherit;\"><font style=\"vertical-align: inherit;\"><font style=\"vertical-align: inherit;\"><font style=\"vertical-align: inherit;\">B\u00e9n\u00e9dicte Dewez 0479\/489292 info@rydelize.be<\/font><\/font><\/font><\/font><\/li><li><font style=\"vertical-align: inherit;\"><font style=\"vertical-align: inherit;\"><font style=\"vertical-align: inherit;\"><font style=\"vertical-align: inherit;\">Pauline Mons\u00e9e 0497\/300074<\/font><\/font><\/font><\/font><\/li><li><font style=\"vertical-align: inherit;\"><font style=\"vertical-align: inherit;\"><font style=\"vertical-align: inherit;\"><font style=\"vertical-align: inherit;\">Gilles Mons\u00e9e 0499\/084611<\/font><\/font><\/font><\/font><\/li><li><font style=\"vertical-align: inherit;\"><font style=\"vertical-align: inherit;\"><font style=\"vertical-align: inherit;\"><font style=\"vertical-align: inherit;\">Cl\u00e9mence L\u00e9onard 0472\/835085<\/font><\/font><\/font><\/font><\/li><li><font style=\"vertical-align: inherit;\"><font style=\"vertical-align: inherit;\"><font style=\"vertical-align: inherit;\"><font style=\"vertical-align: inherit;\">St\u00e9phanie Mottet 0499\/161292<\/font><\/font><\/font><\/font><\/li><li><font style=\"vertical-align: inherit;\"><font style=\"vertical-align: inherit;\"><font style=\"vertical-align: inherit;\"><font style=\"vertical-align: inherit;\">St\u00e9phanie Seron 0474\/416979<\/font><\/font><\/font><\/font><\/li><li><font style=\"vertical-align: inherit;\"><font style=\"vertical-align: inherit;\"><font style=\"vertical-align: inherit;\"><font style=\"vertical-align: inherit;\">Cassandre Huet 0477\/553744<\/font><\/font><\/font><\/font><\/li>\n\n<\/ul>\n\n\n\n","protected":false},"excerpt":{"rendered":"","protected":false},"author":1,"featured_media":0,"parent":0,"menu_order":0,"comment_status":"closed","ping_status":"closed","template":"","meta":{"pagelayer_contact_templates":[],"_pagelayer_content":"","footnotes":""},"class_list":["post-45","page","type-page","status-publish","hentry"],"_links":{"self":[{"href":"https:\/\/www.rydelize.be\/index.php?rest_route=\/wp\/v2\/pages\/45","targetHints":{"allow":["GET"]}}],"collection":[{"href":"https:\/\/www.rydelize.be\/index.php?rest_route=\/wp\/v2\/pages"}],"about":[{"href":"https:\/\/www.rydelize.be\/index.php?rest_route=\/wp\/v2\/types\/page"}],"author":[{"embeddable":true,"href":"https:\/\/www.rydelize.be\/index.php?rest_route=\/wp\/v2\/users\/1"}],"replies":[{"embeddable":true,"href":"https:\/\/www.rydelize.be\/index.php?rest_route=%2Fwp%2Fv2%2Fcomments&post=45"}],"version-history":[{"count":65,"href":"https:\/\/www.rydelize.be\/index.php?rest_route=\/wp\/v2\/pages\/45\/revisions"}],"predecessor-version":[{"id":367,"href":"https:\/\/www.rydelize.be\/index.php?rest_route=\/wp\/v2\/pages\/45\/revisions\/367"}],"wp:attachment":[{"href":"https:\/\/www.rydelize.be\/index.php?rest_route=%2Fwp%2Fv2%2Fmedia&parent=45"}],"curies":[{"name":"wp","href":"https:\/\/api.w.org\/{rel}","templated":true}]}}